{"id":17,"date":"2023-01-31T12:05:20","date_gmt":"2023-01-31T12:05:20","guid":{"rendered":"https:\/\/luarafranca.com\/?page_id=17"},"modified":"2025-11-01T16:37:08","modified_gmt":"2025-11-01T16:37:08","slug":"clube-de-literatura-coreana","status":"publish","type":"page","link":"https:\/\/luarafranca.com\/en\/clube-de-literatura-coreana\/","title":{"rendered":"korean literature club"},"content":{"rendered":"<div data-elementor-type=\"wp-page\" data-elementor-id=\"17\" class=\"elementor elementor-17\" data-elementor-post-type=\"page\">\n\t\t\t\t<div class=\"elementor-element elementor-element-400c937 e-flex e-con-boxed e-con e-parent\" data-id=\"400c937\" data-element_type=\"container\" data-settings=\"{&quot;background_background&quot;:&quot;classic&quot;}\">\n\t\t\t\t\t<div class=\"e-con-inner\">\n\t\t<div class=\"elementor-element elementor-element-98f0a3f e-con-full e-flex e-con e-child\" data-id=\"98f0a3f\" data-element_type=\"container\">\n\t\t\t\t<div class=\"elementor-element elementor-element-7994ae6 elementor-widget__width-inherit elementor-headline--style-highlight elementor-widget elementor-widget-animated-headline\" data-id=\"7994ae6\" data-element_type=\"widget\" data-settings=\"{&quot;highlighted_text&quot;:&quot; literatura coreana&quot;,&quot;marker&quot;:&quot;underline&quot;,&quot;headline_style&quot;:&quot;highlight&quot;,&quot;loop&quot;:&quot;yes&quot;,&quot;highlight_animation_duration&quot;:1200,&quot;highlight_iteration_delay&quot;:8000}\" data-widget_type=\"animated-headline.default\">\n\t\t\t\t<div class=\"elementor-widget-container\">\n\t\t\t\t\t\t\t<h3 class=\"elementor-headline\">\n\t\t\t\t\t<span class=\"elementor-headline-plain-text elementor-headline-text-wrapper\">korean<\/span>\n\t\t\t\t<span class=\"elementor-headline-dynamic-wrapper elementor-headline-text-wrapper\">\n\t\t\t\t\t<span class=\"elementor-headline-dynamic-text elementor-headline-text-active\"> literature club<\/span>\n\t\t\t\t<\/span>\n\t\t\t\t<\/h3>\n\t\t\t\t\t\t<\/div>\n\t\t\t\t<\/div>\n\t\t\t\t<div class=\"elementor-element elementor-element-d852c70 elementor-widget__width-initial elementor-widget elementor-widget-heading\" data-id=\"d852c70\" data-element_type=\"widget\" data-widget_type=\"heading.default\">\n\t\t\t\t<div class=\"elementor-widget-container\">\n\t\t\t\t\t<h2 class=\"elementor-heading-title elementor-size-default\">Encontros online e presenciais dedicados \u00e0 literatura coreana publicada em portugu\u00eas. <\/h2>\t\t\t\t<\/div>\n\t\t\t\t<\/div>\n\t\t<div class=\"elementor-element elementor-element-c4cdbad e-con-full e-flex e-con e-child\" data-id=\"c4cdbad\" data-element_type=\"container\">\n\t\t<div class=\"elementor-element elementor-element-9d6e7cc e-con-full e-flex e-con e-child\" data-id=\"9d6e7cc\" data-element_type=\"container\">\n\t\t<div class=\"elementor-element elementor-element-e37b946 e-con-full e-flex e-con e-child\" data-id=\"e37b946\" data-element_type=\"container\">\n\t\t\t\t<div class=\"elementor-element elementor-element-8c429e8 elementor-widget elementor-widget-image\" data-id=\"8c429e8\" data-element_type=\"widget\" data-widget_type=\"image.default\">\n\t\t\t\t<div class=\"elementor-widget-container\">\n\t\t\t\t\t\t\t\t\t\t\t\t\t\t\t<img fetchpriority=\"high\" decoding=\"async\" width=\"800\" height=\"673\" src=\"https:\/\/luarafranca.com\/wp-content\/uploads\/2023\/03\/composicao2-1024x861.png\" class=\"attachment-large size-large wp-image-387\" alt=\"\" srcset=\"https:\/\/luarafranca.com\/wp-content\/uploads\/2023\/03\/composicao2-1024x861.png 1024w, https:\/\/luarafranca.com\/wp-content\/uploads\/2023\/03\/composicao2-300x252.png 300w, https:\/\/luarafranca.com\/wp-content\/uploads\/2023\/03\/composicao2-768x646.png 768w, https:\/\/luarafranca.com\/wp-content\/uploads\/2023\/03\/composicao2-1536x1291.png 1536w, https:\/\/luarafranca.com\/wp-content\/uploads\/2023\/03\/composicao2-14x12.png 14w, https:\/\/luarafranca.com\/wp-content\/uploads\/2023\/03\/composicao2.png 1726w\" sizes=\"(max-width: 800px) 100vw, 800px\" \/>\t\t\t\t\t\t\t\t\t\t\t\t\t\t\t<\/div>\n\t\t\t\t<\/div>\n\t\t\t\t<\/div>\n\t\t<div class=\"elementor-element elementor-element-0846dbb e-con-full e-flex e-con e-child\" data-id=\"0846dbb\" data-element_type=\"container\">\n\t\t\t\t<div class=\"elementor-element elementor-element-2541cda elementor-widget elementor-widget-heading\" data-id=\"2541cda\" data-element_type=\"widget\" data-widget_type=\"heading.default\">\n\t\t\t\t<div class=\"elementor-widget-container\">\n\t\t\t\t\t<h2 class=\"elementor-heading-title elementor-size-default\">Clube de<br>literature club<br>on-line<\/h2>\t\t\t\t<\/div>\n\t\t\t\t<\/div>\n\t\t\t\t<div class=\"elementor-element elementor-element-f7f4b5c elementor-align-center elementor-invisible elementor-widget elementor-widget-button\" data-id=\"f7f4b5c\" data-element_type=\"widget\" data-settings=\"{&quot;_animation&quot;:&quot;fadeInUp&quot;}\" data-widget_type=\"button.default\">\n\t\t\t\t<div class=\"elementor-widget-container\">\n\t\t\t\t\t\t\t\t\t<div class=\"elementor-button-wrapper\">\n\t\t\t\t\t<a class=\"elementor-button elementor-button-link elementor-size-sm\" href=\"https:\/\/luarafranca.com\/en\/clube-de-literatura-coreana-online\/\">\n\t\t\t\t\t\t<span class=\"elementor-button-content-wrapper\">\n\t\t\t\t\t\t\t\t\t<span class=\"elementor-button-text\">acessar informa\u00e7\u00f5es<\/span>\n\t\t\t\t\t<\/span>\n\t\t\t\t\t<\/a>\n\t\t\t\t<\/div>\n\t\t\t\t\t\t\t\t<\/div>\n\t\t\t\t<\/div>\n\t\t\t\t<div class=\"elementor-element elementor-element-9aa0e31 elementor-align-center elementor-invisible elementor-widget elementor-widget-button\" data-id=\"9aa0e31\" data-element_type=\"widget\" data-settings=\"{&quot;_animation&quot;:&quot;fadeInUp&quot;}\" data-widget_type=\"button.default\">\n\t\t\t\t<div class=\"elementor-widget-container\">\n\t\t\t\t\t\t\t\t\t<div class=\"elementor-button-wrapper\">\n\t\t\t\t\t<a class=\"elementor-button elementor-button-link elementor-size-sm\" href=\"https:\/\/chat.whatsapp.com\/IKFLD61rZmPBxY3Mm5Gyvc\" target=\"_blank\" rel=\"noopener\">\n\t\t\t\t\t\t<span class=\"elementor-button-content-wrapper\">\n\t\t\t\t\t\t\t\t\t<span class=\"elementor-button-text\">acessar whatsapp<\/span>\n\t\t\t\t\t<\/span>\n\t\t\t\t\t<\/a>\n\t\t\t\t<\/div>\n\t\t\t\t\t\t\t\t<\/div>\n\t\t\t\t<\/div>\n\t\t\t\t<\/div>\n\t\t\t\t<\/div>\n\t\t<div class=\"elementor-element elementor-element-0c098e9 e-con-full e-flex e-con e-child\" data-id=\"0c098e9\" data-element_type=\"container\">\n\t\t<div class=\"elementor-element elementor-element-09b1939 e-con-full e-flex e-con e-child\" data-id=\"09b1939\" data-element_type=\"container\">\n\t\t\t\t<div class=\"elementor-element elementor-element-912a38e elementor-widget elementor-widget-image\" data-id=\"912a38e\" data-element_type=\"widget\" data-widget_type=\"image.default\">\n\t\t\t\t<div class=\"elementor-widget-container\">\n\t\t\t\t\t\t\t\t\t\t\t\t\t\t\t<img decoding=\"async\" width=\"800\" height=\"673\" src=\"https:\/\/luarafranca.com\/wp-content\/uploads\/2024\/10\/peonia-1024x861.png\" class=\"attachment-large size-large wp-image-1926\" alt=\"\" srcset=\"https:\/\/luarafranca.com\/wp-content\/uploads\/2024\/10\/peonia-1024x861.png 1024w, https:\/\/luarafranca.com\/wp-content\/uploads\/2024\/10\/peonia-300x252.png 300w, https:\/\/luarafranca.com\/wp-content\/uploads\/2024\/10\/peonia-768x646.png 768w, https:\/\/luarafranca.com\/wp-content\/uploads\/2024\/10\/peonia-14x12.png 14w, https:\/\/luarafranca.com\/wp-content\/uploads\/2024\/10\/peonia.png 1080w\" sizes=\"(max-width: 800px) 100vw, 800px\" \/>\t\t\t\t\t\t\t\t\t\t\t\t\t\t\t<\/div>\n\t\t\t\t<\/div>\n\t\t\t\t<\/div>\n\t\t<div class=\"elementor-element elementor-element-24cd91d e-con-full e-flex e-con e-child\" data-id=\"24cd91d\" data-element_type=\"container\">\n\t\t\t\t<div class=\"elementor-element elementor-element-c978c25 elementor-widget elementor-widget-heading\" data-id=\"c978c25\" data-element_type=\"widget\" data-widget_type=\"heading.default\">\n\t\t\t\t<div class=\"elementor-widget-container\">\n\t\t\t\t\t<h2 class=\"elementor-heading-title elementor-size-default\">Clube de literatura coreana presencial<\/h2>\t\t\t\t<\/div>\n\t\t\t\t<\/div>\n\t\t\t\t<div class=\"elementor-element elementor-element-3e4d66c elementor-widget elementor-widget-heading\" data-id=\"3e4d66c\" data-element_type=\"widget\" data-widget_type=\"heading.default\">\n\t\t\t\t<div class=\"elementor-widget-container\">\n\t\t\t\t\t<h2 class=\"elementor-heading-title elementor-size-default\">(no Centro Cultural Coreano em S\u00e3o Paulo)<\/h2>\t\t\t\t<\/div>\n\t\t\t\t<\/div>\n\t\t\t\t<div class=\"elementor-element elementor-element-f47f203 elementor-align-center elementor-invisible elementor-widget elementor-widget-button\" data-id=\"f47f203\" data-element_type=\"widget\" data-settings=\"{&quot;_animation&quot;:&quot;fadeInUp&quot;}\" data-widget_type=\"button.default\">\n\t\t\t\t<div class=\"elementor-widget-container\">\n\t\t\t\t\t\t\t\t\t<div class=\"elementor-button-wrapper\">\n\t\t\t\t\t<a class=\"elementor-button elementor-button-link elementor-size-sm\" href=\"https:\/\/luarafranca.com\/en\/clube-de-literatura-coreana-no-cccb\/\">\n\t\t\t\t\t\t<span class=\"elementor-button-content-wrapper\">\n\t\t\t\t\t\t\t\t\t<span class=\"elementor-button-text\">acessar informa\u00e7\u00f5es<\/span>\n\t\t\t\t\t<\/span>\n\t\t\t\t\t<\/a>\n\t\t\t\t<\/div>\n\t\t\t\t\t\t\t\t<\/div>\n\t\t\t\t<\/div>\n\t\t\t\t<div class=\"elementor-element elementor-element-f681bbf elementor-align-center elementor-invisible elementor-widget elementor-widget-button\" data-id=\"f681bbf\" data-element_type=\"widget\" data-settings=\"{&quot;_animation&quot;:&quot;fadeInUp&quot;}\" data-widget_type=\"button.default\">\n\t\t\t\t<div class=\"elementor-widget-container\">\n\t\t\t\t\t\t\t\t\t<div class=\"elementor-button-wrapper\">\n\t\t\t\t\t<a class=\"elementor-button elementor-button-link elementor-size-sm\" href=\"https:\/\/chat.whatsapp.com\/ENlC7McZfEtHI1nbPhyCjR\" target=\"_blank\" rel=\"noopener\">\n\t\t\t\t\t\t<span class=\"elementor-button-content-wrapper\">\n\t\t\t\t\t\t\t\t\t<span class=\"elementor-button-text\">acessar whatsapp<\/span>\n\t\t\t\t\t<\/span>\n\t\t\t\t\t<\/a>\n\t\t\t\t<\/div>\n\t\t\t\t\t\t\t\t<\/div>\n\t\t\t\t<\/div>\n\t\t\t\t<\/div>\n\t\t\t\t<\/div>\n\t\t<div class=\"elementor-element elementor-element-051d7bf e-con-full e-flex e-con e-child\" data-id=\"051d7bf\" data-element_type=\"container\">\n\t\t<div class=\"elementor-element elementor-element-da48bba e-con-full e-flex e-con e-child\" data-id=\"da48bba\" data-element_type=\"container\">\n\t\t\t\t<div class=\"elementor-element elementor-element-00e66e0 elementor-widget elementor-widget-image\" data-id=\"00e66e0\" data-element_type=\"widget\" data-widget_type=\"image.default\">\n\t\t\t\t<div class=\"elementor-widget-container\">\n\t\t\t\t\t\t\t\t\t\t\t\t\t\t\t<img decoding=\"async\" width=\"800\" height=\"673\" src=\"https:\/\/luarafranca.com\/wp-content\/uploads\/2024\/10\/itinerante-1024x861.png\" class=\"attachment-large size-large wp-image-1935\" alt=\"\" srcset=\"https:\/\/luarafranca.com\/wp-content\/uploads\/2024\/10\/itinerante-1024x861.png 1024w, https:\/\/luarafranca.com\/wp-content\/uploads\/2024\/10\/itinerante-300x252.png 300w, https:\/\/luarafranca.com\/wp-content\/uploads\/2024\/10\/itinerante-768x646.png 768w, https:\/\/luarafranca.com\/wp-content\/uploads\/2024\/10\/itinerante-14x12.png 14w, https:\/\/luarafranca.com\/wp-content\/uploads\/2024\/10\/itinerante.png 1080w\" sizes=\"(max-width: 800px) 100vw, 800px\" \/>\t\t\t\t\t\t\t\t\t\t\t\t\t\t\t<\/div>\n\t\t\t\t<\/div>\n\t\t\t\t<\/div>\n\t\t<div class=\"elementor-element elementor-element-da32782 e-con-full e-flex e-con e-child\" data-id=\"da32782\" data-element_type=\"container\">\n\t\t\t\t<div class=\"elementor-element elementor-element-e7ecd85 elementor-widget elementor-widget-heading\" data-id=\"e7ecd85\" data-element_type=\"widget\" data-widget_type=\"heading.default\">\n\t\t\t\t<div class=\"elementor-widget-container\">\n\t\t\t\t\t<h2 class=\"elementor-heading-title elementor-size-default\">Clube de literatura coreana itinerante<\/h2>\t\t\t\t<\/div>\n\t\t\t\t<\/div>\n\t\t\t\t<div class=\"elementor-element elementor-element-88c066f elementor-widget elementor-widget-heading\" data-id=\"88c066f\" data-element_type=\"widget\" data-widget_type=\"heading.default\">\n\t\t\t\t<div class=\"elementor-widget-container\">\n\t\t\t\t\t<h2 class=\"elementor-heading-title elementor-size-default\">(pelas 5 regi\u00f5es do Brasil)<\/h2>\t\t\t\t<\/div>\n\t\t\t\t<\/div>\n\t\t\t\t<div class=\"elementor-element elementor-element-a925ed2 elementor-align-center elementor-invisible elementor-widget elementor-widget-button\" data-id=\"a925ed2\" data-element_type=\"widget\" data-settings=\"{&quot;_animation&quot;:&quot;fadeInUp&quot;}\" data-widget_type=\"button.default\">\n\t\t\t\t<div class=\"elementor-widget-container\">\n\t\t\t\t\t\t\t\t\t<div class=\"elementor-button-wrapper\">\n\t\t\t\t\t<a class=\"elementor-button elementor-button-link elementor-size-sm\" href=\"https:\/\/luarafranca.com\/en\/clube-de-literatura-coreana-itinerante\/\">\n\t\t\t\t\t\t<span class=\"elementor-button-content-wrapper\">\n\t\t\t\t\t\t\t\t\t<span class=\"elementor-button-text\">acessar<\/span>\n\t\t\t\t\t<\/span>\n\t\t\t\t\t<\/a>\n\t\t\t\t<\/div>\n\t\t\t\t\t\t\t\t<\/div>\n\t\t\t\t<\/div>\n\t\t\t\t<\/div>\n\t\t\t\t<\/div>\n\t\t\t\t<\/div>\n\t\t<div class=\"elementor-element elementor-element-b10536a e-con-full e-flex e-con e-child\" data-id=\"b10536a\" data-element_type=\"container\">\n\t\t<div class=\"elementor-element elementor-element-40e4759 e-con-full e-flex e-con e-child\" data-id=\"40e4759\" data-element_type=\"container\" data-settings=\"{&quot;background_background&quot;:&quot;classic&quot;}\">\n\t\t<div class=\"elementor-element elementor-element-25e217a e-con-full e-flex e-con e-child\" data-id=\"25e217a\" data-element_type=\"container\">\n\t\t\t\t<div class=\"elementor-element elementor-element-845c61c elementor-widget elementor-widget-image\" data-id=\"845c61c\" data-element_type=\"widget\" data-widget_type=\"image.default\">\n\t\t\t\t<div class=\"elementor-widget-container\">\n\t\t\t\t\t\t\t\t\t\t\t\t\t\t\t<img loading=\"lazy\" decoding=\"async\" width=\"800\" height=\"615\" src=\"https:\/\/luarafranca.com\/wp-content\/uploads\/2024\/10\/brilho.png\" class=\"attachment-large size-large wp-image-1944\" alt=\"\" srcset=\"https:\/\/luarafranca.com\/wp-content\/uploads\/2024\/10\/brilho.png 980w, https:\/\/luarafranca.com\/wp-content\/uploads\/2024\/10\/brilho-300x231.png 300w, https:\/\/luarafranca.com\/wp-content\/uploads\/2024\/10\/brilho-768x590.png 768w, https:\/\/luarafranca.com\/wp-content\/uploads\/2024\/10\/brilho-16x12.png 16w\" sizes=\"(max-width: 800px) 100vw, 800px\" \/>\t\t\t\t\t\t\t\t\t\t\t\t\t\t\t<\/div>\n\t\t\t\t<\/div>\n\t\t\t\t<\/div>\n\t\t<div class=\"elementor-element elementor-element-e485928 e-con-full e-flex e-con e-child\" data-id=\"e485928\" data-element_type=\"container\">\n\t\t\t\t<div class=\"elementor-element elementor-element-d161f36 elementor-widget elementor-widget-heading\" data-id=\"d161f36\" data-element_type=\"widget\" data-widget_type=\"heading.default\">\n\t\t\t\t<div class=\"elementor-widget-container\">\n\t\t\t\t\t<h2 class=\"elementor-heading-title elementor-size-default\">Apoie o projeto<\/h2>\t\t\t\t<\/div>\n\t\t\t\t<\/div>\n\t\t\t\t<div class=\"elementor-element elementor-element-48670af elementor-align-left elementor-mobile-align-center elementor-invisible elementor-widget elementor-widget-button\" data-id=\"48670af\" data-element_type=\"widget\" data-settings=\"{&quot;_animation&quot;:&quot;fadeInUp&quot;}\" data-widget_type=\"button.default\">\n\t\t\t\t<div class=\"elementor-widget-container\">\n\t\t\t\t\t\t\t\t\t<div class=\"elementor-button-wrapper\">\n\t\t\t\t\t<a class=\"elementor-button elementor-button-link elementor-size-sm\" href=\"https:\/\/ko-fi.com\/clubedeliteraturacoreana\" target=\"_blank\" rel=\"noopener\">\n\t\t\t\t\t\t<span class=\"elementor-button-content-wrapper\">\n\t\t\t\t\t\t\t\t\t<span class=\"elementor-button-text\">doa\u00e7\u00f5es pelo ko-fi<\/span>\n\t\t\t\t\t<\/span>\n\t\t\t\t\t<\/a>\n\t\t\t\t<\/div>\n\t\t\t\t\t\t\t\t<\/div>\n\t\t\t\t<\/div>\n\t\t\t\t<\/div>\n\t\t\t\t<\/div>\n\t\t\t\t<\/div>\n\t\t\t\t<\/div>\n\t\t\t\t\t<\/div>\n\t\t\t\t<\/div>\n\t\t\t\t<\/div>","protected":false},"excerpt":{"rendered":"<p>clube de literatura coreana Encontros online e presenciais dedicados \u00e0 literatura coreana publicada em portugu\u00eas. Clube deliteratura coreanaon-line acessar informa\u00e7\u00f5es acessar whatsapp Clube de literatura coreana presencial (no Centro Cultural Coreano em S\u00e3o Paulo) acessar informa\u00e7\u00f5es acessar whatsapp Clube de literatura coreana itinerante (pelas 5 regi\u00f5es do Brasil) acessar Apoie o projeto doa\u00e7\u00f5es pelo ko-fi<\/p>","protected":false},"author":1,"featured_media":0,"parent":0,"menu_order":0,"comment_status":"closed","ping_status":"closed","template":"elementor_header_footer","meta":{"footnotes":""},"class_list":["post-17","page","type-page","status-publish","hentry"],"_links":{"self":[{"href":"https:\/\/luarafranca.com\/en\/wp-json\/wp\/v2\/pages\/17","targetHints":{"allow":["GET"]}}],"collection":[{"href":"https:\/\/luarafranca.com\/en\/wp-json\/wp\/v2\/pages"}],"about":[{"href":"https:\/\/luarafranca.com\/en\/wp-json\/wp\/v2\/types\/page"}],"author":[{"embeddable":true,"href":"https:\/\/luarafranca.com\/en\/wp-json\/wp\/v2\/users\/1"}],"replies":[{"embeddable":true,"href":"https:\/\/luarafranca.com\/en\/wp-json\/wp\/v2\/comments?post=17"}],"version-history":[{"count":441,"href":"https:\/\/luarafranca.com\/en\/wp-json\/wp\/v2\/pages\/17\/revisions"}],"predecessor-version":[{"id":2346,"href":"https:\/\/luarafranca.com\/en\/wp-json\/wp\/v2\/pages\/17\/revisions\/2346"}],"wp:attachment":[{"href":"https:\/\/luarafranca.com\/en\/wp-json\/wp\/v2\/media?parent=17"}],"curies":[{"name":"wp","href":"https:\/\/api.w.org\/{rel}","templated":true}]}}