{"id":809,"date":"2023-07-13T01:30:42","date_gmt":"2023-07-13T01:30:42","guid":{"rendered":"https:\/\/luarafranca.com\/?page_id=809"},"modified":"2024-06-20T15:46:25","modified_gmt":"2024-06-20T15:46:25","slug":"blog","status":"publish","type":"page","link":"https:\/\/luarafranca.com\/en\/blog\/","title":{"rendered":"blog"},"content":{"rendered":"<div data-elementor-type=\"wp-page\" data-elementor-id=\"809\" class=\"elementor elementor-809\" data-elementor-post-type=\"page\">\n\t\t\t\t<div class=\"elementor-element elementor-element-312d6f7d e-flex e-con-boxed e-con e-parent\" data-id=\"312d6f7d\" data-element_type=\"container\" data-settings=\"{&quot;background_background&quot;:&quot;classic&quot;}\">\n\t\t\t\t\t<div class=\"e-con-inner\">\n\t\t<div class=\"elementor-element elementor-element-31c8e62b e-flex e-con-boxed e-con e-child\" data-id=\"31c8e62b\" data-element_type=\"container\">\n\t\t\t\t\t<div class=\"e-con-inner\">\n\t\t\t\t<div class=\"elementor-element elementor-element-a57fee9 elementor-invisible elementor-widget elementor-widget-image\" data-id=\"a57fee9\" data-element_type=\"widget\" data-settings=\"{&quot;_animation&quot;:&quot;zoomIn&quot;}\" data-widget_type=\"image.default\">\n\t\t\t\t<div class=\"elementor-widget-container\">\n\t\t\t\t\t\t\t\t\t\t\t\t\t\t\t<img decoding=\"async\" width=\"175\" height=\"258\" src=\"https:\/\/luarafranca.com\/wp-content\/uploads\/2023\/03\/brilho-2.png\" class=\"attachment-large size-large wp-image-164\" alt=\"\" srcset=\"https:\/\/luarafranca.com\/wp-content\/uploads\/2023\/03\/brilho-2.png 175w, https:\/\/luarafranca.com\/wp-content\/uploads\/2023\/03\/brilho-2-8x12.png 8w\" sizes=\"(max-width: 175px) 100vw, 175px\" \/>\t\t\t\t\t\t\t\t\t\t\t\t\t\t\t<\/div>\n\t\t\t\t<\/div>\n\t\t\t\t<div class=\"elementor-element elementor-element-588eef50 elementor-invisible elementor-widget elementor-widget-heading\" data-id=\"588eef50\" data-element_type=\"widget\" data-settings=\"{&quot;_animation&quot;:&quot;slideInUp&quot;}\" data-widget_type=\"heading.default\">\n\t\t\t\t<div class=\"elementor-widget-container\">\n\t\t\t\t\t<h1 class=\"elementor-heading-title elementor-size-default\">Articles<\/h1>\t\t\t\t<\/div>\n\t\t\t\t<\/div>\n\t\t\t\t<div class=\"elementor-element elementor-element-35524b77 elementor-widget__width-inherit elementor-invisible elementor-widget elementor-widget-text-editor\" data-id=\"35524b77\" data-element_type=\"widget\" data-settings=\"{&quot;_animation&quot;:&quot;slideInUp&quot;}\" data-widget_type=\"text-editor.default\">\n\t\t\t\t<div class=\"elementor-widget-container\">\n\t\t\t\t\t\t\t\t\t<p>Random text about many things<\/p>\t\t\t\t\t\t\t\t<\/div>\n\t\t\t\t<\/div>\n\t\t\t\t\t<\/div>\n\t\t\t\t<\/div>\n\t\t\t\t\t<\/div>\n\t\t\t\t<\/div>\n\t\t<div class=\"elementor-element elementor-element-1e1c4e01 e-con-full e-flex e-con e-parent\" data-id=\"1e1c4e01\" data-element_type=\"container\">\n\t\t<div class=\"elementor-element elementor-element-356b812 e-con-full e-flex e-con e-child\" data-id=\"356b812\" data-element_type=\"container\">\n\t\t\t\t<div class=\"elementor-element elementor-element-1b8d2e6c elementor-posts__hover-none elementor-grid-2 elementor-grid-tablet-1 elementor-grid-mobile-1 elementor-posts--thumbnail-top elementor-widget elementor-widget-posts\" data-id=\"1b8d2e6c\" data-element_type=\"widget\" data-settings=\"{&quot;cards_row_gap&quot;:{&quot;unit&quot;:&quot;px&quot;,&quot;size&quot;:80,&quot;sizes&quot;:[]},&quot;cards_row_gap_tablet&quot;:{&quot;unit&quot;:&quot;px&quot;,&quot;size&quot;:71,&quot;sizes&quot;:[]},&quot;cards_row_gap_mobile&quot;:{&quot;unit&quot;:&quot;px&quot;,&quot;size&quot;:30,&quot;sizes&quot;:[]},&quot;cards_columns&quot;:&quot;2&quot;,&quot;cards_columns_tablet&quot;:&quot;1&quot;,&quot;pagination_type&quot;:&quot;load_more_infinite_scroll&quot;,&quot;cards_columns_mobile&quot;:&quot;1&quot;,&quot;load_more_spinner&quot;:{&quot;value&quot;:&quot;fas fa-spinner&quot;,&quot;library&quot;:&quot;fa-solid&quot;}}\" data-widget_type=\"posts.cards\">\n\t\t\t\t<div class=\"elementor-widget-container\">\n\t\t\t\t\t\t\t<div class=\"elementor-posts-container elementor-posts elementor-posts--skin-cards elementor-grid\" role=\"list\">\n\t\t\t\t<article class=\"elementor-post elementor-grid-item post-2332 post type-post status-publish format-standard has-post-thumbnail hentry category-todos tag-leituras\" role=\"listitem\">\n\t\t\t<div class=\"elementor-post__card\">\n\t\t\t\t<a class=\"elementor-post__thumbnail__link\" href=\"https:\/\/luarafranca.com\/en\/walking-practice-de-dolki-min\/\" tabindex=\"-1\"><div class=\"elementor-post__thumbnail\"><img fetchpriority=\"high\" decoding=\"async\" width=\"1220\" height=\"1548\" src=\"https:\/\/luarafranca.com\/wp-content\/uploads\/2025\/10\/IMG_0117.jpeg\" class=\"attachment-full size-full wp-image-2333\" alt=\"\" srcset=\"https:\/\/luarafranca.com\/wp-content\/uploads\/2025\/10\/IMG_0117.jpeg 1220w, https:\/\/luarafranca.com\/wp-content\/uploads\/2025\/10\/IMG_0117-236x300.jpeg 236w, https:\/\/luarafranca.com\/wp-content\/uploads\/2025\/10\/IMG_0117-807x1024.jpeg 807w, https:\/\/luarafranca.com\/wp-content\/uploads\/2025\/10\/IMG_0117-768x974.jpeg 768w, https:\/\/luarafranca.com\/wp-content\/uploads\/2025\/10\/IMG_0117-1211x1536.jpeg 1211w, https:\/\/luarafranca.com\/wp-content\/uploads\/2025\/10\/IMG_0117-9x12.jpeg 9w\" sizes=\"(max-width: 1220px) 100vw, 1220px\" \/><\/div><\/a>\n\t\t\t\t<div class=\"elementor-post__text\">\n\t\t\t\t<h4 class=\"elementor-post__title\">\n\t\t\t<a href=\"https:\/\/luarafranca.com\/en\/walking-practice-de-dolki-min\/\">\n\t\t\t\tWalking Practice, de Dolki Min\t\t\t<\/a>\n\t\t<\/h4>\n\t\t\t\t<div class=\"elementor-post__excerpt\">\n\t\t\t<p>&lt;Come\u00e7o hoje a postar os livros que leio por aqui, para documentar e n\u00e3o deixar o conte\u00fado apenas no instagram><\/p>\n\t\t<\/div>\n\t\t\n\t\t<a class=\"elementor-post__read-more\" href=\"https:\/\/luarafranca.com\/en\/walking-practice-de-dolki-min\/\" aria-label=\"Read more about Walking Practice, de Dolki Min\" tabindex=\"-1\">\n\t\t\tler artigo\t\t<\/a>\n\n\t\t\t\t<\/div>\n\t\t\t\t\t<\/div>\n\t\t<\/article>\n\t\t\t\t<article class=\"elementor-post elementor-grid-item post-2200 post type-post status-publish format-standard has-post-thumbnail hentry category-leituras category-um-livro-um-mundo\" role=\"listitem\">\n\t\t\t<div class=\"elementor-post__card\">\n\t\t\t\t<a class=\"elementor-post__thumbnail__link\" href=\"https:\/\/luarafranca.com\/en\/um-livro-um-mundo-explorando-a-literatura-de-cada-pais\/\" tabindex=\"-1\"><div class=\"elementor-post__thumbnail\"><img decoding=\"async\" width=\"2560\" height=\"1708\" src=\"https:\/\/luarafranca.com\/wp-content\/uploads\/2025\/03\/nicola-nuttall-nkbxlt5dc6M-unsplash-scaled.jpg\" class=\"attachment-full size-full wp-image-2201\" alt=\"\" srcset=\"https:\/\/luarafranca.com\/wp-content\/uploads\/2025\/03\/nicola-nuttall-nkbxlt5dc6M-unsplash-scaled.jpg 2560w, https:\/\/luarafranca.com\/wp-content\/uploads\/2025\/03\/nicola-nuttall-nkbxlt5dc6M-unsplash-300x200.jpg 300w, https:\/\/luarafranca.com\/wp-content\/uploads\/2025\/03\/nicola-nuttall-nkbxlt5dc6M-unsplash-1024x683.jpg 1024w, https:\/\/luarafranca.com\/wp-content\/uploads\/2025\/03\/nicola-nuttall-nkbxlt5dc6M-unsplash-768x512.jpg 768w, https:\/\/luarafranca.com\/wp-content\/uploads\/2025\/03\/nicola-nuttall-nkbxlt5dc6M-unsplash-1536x1025.jpg 1536w, https:\/\/luarafranca.com\/wp-content\/uploads\/2025\/03\/nicola-nuttall-nkbxlt5dc6M-unsplash-2048x1366.jpg 2048w, https:\/\/luarafranca.com\/wp-content\/uploads\/2025\/03\/nicola-nuttall-nkbxlt5dc6M-unsplash-18x12.jpg 18w\" sizes=\"(max-width: 2560px) 100vw, 2560px\" \/><\/div><\/a>\n\t\t\t\t<div class=\"elementor-post__text\">\n\t\t\t\t<h4 class=\"elementor-post__title\">\n\t\t\t<a href=\"https:\/\/luarafranca.com\/en\/um-livro-um-mundo-explorando-a-literatura-de-cada-pais\/\">\n\t\t\t\tUm livro, um mundo: explorando a literatura de cada pa\u00eds\t\t\t<\/a>\n\t\t<\/h4>\n\t\t\t\t<div class=\"elementor-post__excerpt\">\n\t\t\t<p>Sempre acreditei que a literatura \u00e9 uma das formas mais ricas de conhecer o mundo. Como editora e tradutora, passo<\/p>\n\t\t<\/div>\n\t\t\n\t\t<a class=\"elementor-post__read-more\" href=\"https:\/\/luarafranca.com\/en\/um-livro-um-mundo-explorando-a-literatura-de-cada-pais\/\" aria-label=\"Read more about Um livro, um mundo: explorando a literatura de cada pa\u00eds\" tabindex=\"-1\">\n\t\t\tler artigo\t\t<\/a>\n\n\t\t\t\t<\/div>\n\t\t\t\t\t<\/div>\n\t\t<\/article>\n\t\t\t\t<article class=\"elementor-post elementor-grid-item post-2124 post type-post status-publish format-standard has-post-thumbnail hentry category-estudos\" role=\"listitem\">\n\t\t\t<div class=\"elementor-post__card\">\n\t\t\t\t<a class=\"elementor-post__thumbnail__link\" href=\"https:\/\/luarafranca.com\/en\/planner-academico-2025\/\" tabindex=\"-1\"><div class=\"elementor-post__thumbnail\"><img loading=\"lazy\" decoding=\"async\" width=\"1080\" height=\"1080\" src=\"https:\/\/luarafranca.com\/wp-content\/uploads\/2024\/12\/Mockup-paginas-preto.png\" class=\"attachment-full size-full wp-image-2127\" alt=\"\" srcset=\"https:\/\/luarafranca.com\/wp-content\/uploads\/2024\/12\/Mockup-paginas-preto.png 1080w, https:\/\/luarafranca.com\/wp-content\/uploads\/2024\/12\/Mockup-paginas-preto-300x300.png 300w, https:\/\/luarafranca.com\/wp-content\/uploads\/2024\/12\/Mockup-paginas-preto-1024x1024.png 1024w, https:\/\/luarafranca.com\/wp-content\/uploads\/2024\/12\/Mockup-paginas-preto-150x150.png 150w, https:\/\/luarafranca.com\/wp-content\/uploads\/2024\/12\/Mockup-paginas-preto-768x768.png 768w, https:\/\/luarafranca.com\/wp-content\/uploads\/2024\/12\/Mockup-paginas-preto-12x12.png 12w\" sizes=\"(max-width: 1080px) 100vw, 1080px\" \/><\/div><\/a>\n\t\t\t\t<div class=\"elementor-post__text\">\n\t\t\t\t<h4 class=\"elementor-post__title\">\n\t\t\t<a href=\"https:\/\/luarafranca.com\/en\/planner-academico-2025\/\">\n\t\t\t\tPlanner acad\u00eamico 2025\t\t\t<\/a>\n\t\t<\/h4>\n\t\t\t\t<div class=\"elementor-post__excerpt\">\n\t\t\t<p>Ol\u00e1! Como em 2025 eu come\u00e7o o doutorado, fiz alguns planners para me ajudar na organiza\u00e7\u00e3o dos estudos e estou<\/p>\n\t\t<\/div>\n\t\t\n\t\t<a class=\"elementor-post__read-more\" href=\"https:\/\/luarafranca.com\/en\/planner-academico-2025\/\" aria-label=\"Read more about Planner acad\u00eamico 2025\" tabindex=\"-1\">\n\t\t\tler artigo\t\t<\/a>\n\n\t\t\t\t<\/div>\n\t\t\t\t\t<\/div>\n\t\t<\/article>\n\t\t\t\t<article class=\"elementor-post elementor-grid-item post-1846 post type-post status-publish format-standard has-post-thumbnail hentry category-todos category-mercado-editorial tag-mercado-editorial tag-trabalho\" role=\"listitem\">\n\t\t\t<div class=\"elementor-post__card\">\n\t\t\t\t<a class=\"elementor-post__thumbnail__link\" href=\"https:\/\/luarafranca.com\/en\/como-comecar-a-trabalhar-no-mercado-editorial\/\" tabindex=\"-1\"><div class=\"elementor-post__thumbnail\"><img loading=\"lazy\" decoding=\"async\" width=\"1707\" height=\"2560\" src=\"https:\/\/luarafranca.com\/wp-content\/uploads\/2024\/10\/cdd20-fehk0T5g9Ew-unsplash-scaled.jpg\" class=\"attachment-full size-full wp-image-1855\" alt=\"\" srcset=\"https:\/\/luarafranca.com\/wp-content\/uploads\/2024\/10\/cdd20-fehk0T5g9Ew-unsplash-scaled.jpg 1707w, https:\/\/luarafranca.com\/wp-content\/uploads\/2024\/10\/cdd20-fehk0T5g9Ew-unsplash-200x300.jpg 200w, https:\/\/luarafranca.com\/wp-content\/uploads\/2024\/10\/cdd20-fehk0T5g9Ew-unsplash-683x1024.jpg 683w, https:\/\/luarafranca.com\/wp-content\/uploads\/2024\/10\/cdd20-fehk0T5g9Ew-unsplash-768x1152.jpg 768w\" sizes=\"(max-width: 1707px) 100vw, 1707px\" \/><\/div><\/a>\n\t\t\t\t<div class=\"elementor-post__text\">\n\t\t\t\t<h4 class=\"elementor-post__title\">\n\t\t\t<a href=\"https:\/\/luarafranca.com\/en\/como-comecar-a-trabalhar-no-mercado-editorial\/\">\n\t\t\t\tComo come\u00e7ar a trabalhar no mercado editorial\t\t\t<\/a>\n\t\t<\/h4>\n\t\t\t\t<div class=\"elementor-post__excerpt\">\n\t\t\t<p>Uma das perguntas que mais me fazem \u00e9 \u201cComo posso come\u00e7ar a trabalhar no mercado editorial?\u201d, e eu sempre respondo<\/p>\n\t\t<\/div>\n\t\t\n\t\t<a class=\"elementor-post__read-more\" href=\"https:\/\/luarafranca.com\/en\/como-comecar-a-trabalhar-no-mercado-editorial\/\" aria-label=\"Read more about Como come\u00e7ar a trabalhar no mercado editorial\" tabindex=\"-1\">\n\t\t\tler artigo\t\t<\/a>\n\n\t\t\t\t<\/div>\n\t\t\t\t\t<\/div>\n\t\t<\/article>\n\t\t\t\t<article class=\"elementor-post elementor-grid-item post-1088 post type-post status-publish format-standard has-post-thumbnail hentry category-leituras category-todos\" role=\"listitem\">\n\t\t\t<div class=\"elementor-post__card\">\n\t\t\t\t<a class=\"elementor-post__thumbnail__link\" href=\"https:\/\/luarafranca.com\/en\/planilha2024\/\" tabindex=\"-1\"><div class=\"elementor-post__thumbnail\"><img loading=\"lazy\" decoding=\"async\" width=\"2560\" height=\"1920\" src=\"https:\/\/luarafranca.com\/wp-content\/uploads\/2023\/12\/blaz-photo-zMRLZh40kms-unsplash-scaled.jpg\" class=\"attachment-full size-full wp-image-1092\" alt=\"\" srcset=\"https:\/\/luarafranca.com\/wp-content\/uploads\/2023\/12\/blaz-photo-zMRLZh40kms-unsplash-scaled.jpg 2560w, https:\/\/luarafranca.com\/wp-content\/uploads\/2023\/12\/blaz-photo-zMRLZh40kms-unsplash-300x225.jpg 300w, https:\/\/luarafranca.com\/wp-content\/uploads\/2023\/12\/blaz-photo-zMRLZh40kms-unsplash-1024x768.jpg 1024w, https:\/\/luarafranca.com\/wp-content\/uploads\/2023\/12\/blaz-photo-zMRLZh40kms-unsplash-768x576.jpg 768w, https:\/\/luarafranca.com\/wp-content\/uploads\/2023\/12\/blaz-photo-zMRLZh40kms-unsplash-1536x1152.jpg 1536w, https:\/\/luarafranca.com\/wp-content\/uploads\/2023\/12\/blaz-photo-zMRLZh40kms-unsplash-2048x1536.jpg 2048w, https:\/\/luarafranca.com\/wp-content\/uploads\/2023\/12\/blaz-photo-zMRLZh40kms-unsplash-16x12.jpg 16w\" sizes=\"(max-width: 2560px) 100vw, 2560px\" \/><\/div><\/a>\n\t\t\t\t<div class=\"elementor-post__text\">\n\t\t\t\t<h4 class=\"elementor-post__title\">\n\t\t\t<a href=\"https:\/\/luarafranca.com\/en\/planilha2024\/\">\n\t\t\t\tPlanilha de leituras [ATUALIZADO 2026]\t\t\t<\/a>\n\t\t<\/h4>\n\t\t\t\t<div class=\"elementor-post__excerpt\">\n\t\t\t<p>Desde 2011 fa\u00e7o uma tabela com os livros que li no ano. Ela j\u00e1 foi feita no papel, mas h\u00e1<\/p>\n\t\t<\/div>\n\t\t\n\t\t<a class=\"elementor-post__read-more\" href=\"https:\/\/luarafranca.com\/en\/planilha2024\/\" aria-label=\"Read more about Planilha de leituras [ATUALIZADO 2026]\" tabindex=\"-1\">\n\t\t\tler artigo\t\t<\/a>\n\n\t\t\t\t<\/div>\n\t\t\t\t\t<\/div>\n\t\t<\/article>\n\t\t\t\t<article class=\"elementor-post elementor-grid-item post-870 post type-post status-publish format-standard has-post-thumbnail hentry category-coreia-do-sul category-todos\" role=\"listitem\">\n\t\t\t<div class=\"elementor-post__card\">\n\t\t\t\t<a class=\"elementor-post__thumbnail__link\" href=\"https:\/\/luarafranca.com\/en\/viajar-para-a-coreia-do-sul-passo-a-passo\/\" tabindex=\"-1\"><div class=\"elementor-post__thumbnail\"><img loading=\"lazy\" decoding=\"async\" width=\"1441\" height=\"2560\" src=\"https:\/\/luarafranca.com\/wp-content\/uploads\/2023\/07\/20230621_183647-scaled.jpg\" class=\"attachment-full size-full wp-image-899\" alt=\"\" srcset=\"https:\/\/luarafranca.com\/wp-content\/uploads\/2023\/07\/20230621_183647-scaled.jpg 1441w, https:\/\/luarafranca.com\/wp-content\/uploads\/2023\/07\/20230621_183647-169x300.jpg 169w, https:\/\/luarafranca.com\/wp-content\/uploads\/2023\/07\/20230621_183647-577x1024.jpg 577w\" sizes=\"(max-width: 1441px) 100vw, 1441px\" \/><\/div><\/a>\n\t\t\t\t<div class=\"elementor-post__text\">\n\t\t\t\t<h4 class=\"elementor-post__title\">\n\t\t\t<a href=\"https:\/\/luarafranca.com\/en\/viajar-para-a-coreia-do-sul-passo-a-passo\/\">\n\t\t\t\tViajar para a Coreia do Sul: passo a passo\t\t\t<\/a>\n\t\t<\/h4>\n\t\t\t\t<div class=\"elementor-post__excerpt\">\n\t\t\t<p>Recentemente fiz uma viagem de vinte dias para a Coreia do Sul. Como foi uma viagem parcialmente a trabalho, tive<\/p>\n\t\t<\/div>\n\t\t\n\t\t<a class=\"elementor-post__read-more\" href=\"https:\/\/luarafranca.com\/en\/viajar-para-a-coreia-do-sul-passo-a-passo\/\" aria-label=\"Read more about Viajar para a Coreia do Sul: passo a passo\" tabindex=\"-1\">\n\t\t\tler artigo\t\t<\/a>\n\n\t\t\t\t<\/div>\n\t\t\t\t\t<\/div>\n\t\t<\/article>\n\t\t\t\t<\/div>\n\t\t\t\t\t<span class=\"e-load-more-spinner\">\n\t\t\t\t<i aria-hidden=\"true\" class=\"fas fa-spinner\"><\/i>\t\t\t<\/span>\n\t\t\n\t\t\t\t\t\t<\/div>\n\t\t\t\t<\/div>\n\t\t\t\t<\/div>\n\t\t<div class=\"elementor-element elementor-element-94383d9 e-con-full e-flex e-con e-child\" data-id=\"94383d9\" data-element_type=\"container\">\n\t\t\t\t<div class=\"elementor-element elementor-element-abec797 elementor-widget elementor-widget-wp-widget-categories\" data-id=\"abec797\" data-element_type=\"widget\" data-widget_type=\"wp-widget-categories.default\">\n\t\t\t\t<div class=\"elementor-widget-container\">\n\t\t\t\t\t<h5>Categories<\/h5>\n\t\t\t<ul>\n\t\t\t\t\t<li class=\"cat-item cat-item-9\"><a href=\"https:\/\/luarafranca.com\/en\/category\/coreia-do-sul\/\">Coreia do Sul<\/a> (1)\n<\/li>\n\t<li class=\"cat-item cat-item-25\"><a href=\"https:\/\/luarafranca.com\/en\/category\/estudos\/\">Estudos<\/a> (1)\n<\/li>\n\t<li class=\"cat-item cat-item-20\"><a href=\"https:\/\/luarafranca.com\/en\/category\/leituras\/\">Leituras<\/a> (2)\n<\/li>\n\t<li class=\"cat-item cat-item-21\"><a href=\"https:\/\/luarafranca.com\/en\/category\/mercado-editorial\/\">Mercado editorial<\/a> (1)\n<\/li>\n\t<li class=\"cat-item cat-item-26\"><a href=\"https:\/\/luarafranca.com\/en\/category\/um-livro-um-mundo\/\">Um livro, um mundo<\/a> (1)\n<\/li>\n\t<li class=\"cat-item cat-item-1\"><a href=\"https:\/\/luarafranca.com\/en\/category\/todos\/\">Ver todos<\/a> (4)\n<\/li>\n\t\t\t<\/ul>\n\n\t\t\t\t\t\t\t<\/div>\n\t\t\t\t<\/div>\n\t\t\t\t<\/div>\n\t\t\t\t<\/div>\n\t\t\t\t<\/div>","protected":false},"excerpt":{"rendered":"<p>Artigos Textos aleat\u00f3rios e conte\u00fados diversos<\/p>","protected":false},"author":1,"featured_media":0,"parent":0,"menu_order":0,"comment_status":"closed","ping_status":"closed","template":"elementor_header_footer","meta":{"footnotes":""},"class_list":["post-809","page","type-page","status-publish","hentry"],"_links":{"self":[{"href":"https:\/\/luarafranca.com\/en\/wp-json\/wp\/v2\/pages\/809","targetHints":{"allow":["GET"]}}],"collection":[{"href":"https:\/\/luarafranca.com\/en\/wp-json\/wp\/v2\/pages"}],"about":[{"href":"https:\/\/luarafranca.com\/en\/wp-json\/wp\/v2\/types\/page"}],"author":[{"embeddable":true,"href":"https:\/\/luarafranca.com\/en\/wp-json\/wp\/v2\/users\/1"}],"replies":[{"embeddable":true,"href":"https:\/\/luarafranca.com\/en\/wp-json\/wp\/v2\/comments?post=809"}],"version-history":[{"count":19,"href":"https:\/\/luarafranca.com\/en\/wp-json\/wp\/v2\/pages\/809\/revisions"}],"predecessor-version":[{"id":1603,"href":"https:\/\/luarafranca.com\/en\/wp-json\/wp\/v2\/pages\/809\/revisions\/1603"}],"wp:attachment":[{"href":"https:\/\/luarafranca.com\/en\/wp-json\/wp\/v2\/media?parent=809"}],"curies":[{"name":"wp","href":"https:\/\/api.w.org\/{rel}","templated":true}]}}